{"id":10,"date":"2022-10-21T08:00:44","date_gmt":"2022-10-21T08:00:44","guid":{"rendered":"https:\/\/demo.gutenify.com\/gutenify-hustle\/?page_id=4"},"modified":"2024-09-10T18:40:50","modified_gmt":"2024-09-10T18:40:50","slug":"home","status":"publish","type":"page","link":"https:\/\/www.wattikalle.fi\/","title":{"rendered":"Home"},"content":{"rendered":"\n<div class=\"wp-block-group alignfull has-no-underline is-layout-constrained wp-container-core-group-is-layout-19e250f3 wp-block-group-is-layout-constrained\">\n<div class=\"wp-block-group alignfull is-layout-flow wp-block-group-is-layout-flow\" style=\"padding-top:10vh;padding-right:20px;padding-bottom:10vh;padding-left:10px\">\n<div class=\"wp-block-group alignwide is-layout-constrained wp-container-core-group-is-layout-543f6e3b wp-block-group-is-layout-constrained\" style=\"padding-top:0;padding-left:0%\">\n<div class=\"wp-block-columns alignwide are-vertically-aligned-center is-layout-flex wp-container-core-columns-is-layout-08a2a807 wp-block-columns-is-layout-flex\">\n<div class=\"wp-block-column is-vertically-aligned-center is-layout-flow wp-block-column-is-layout-flow\">\n<div class=\"wp-block-group alignwide is-layout-flow wp-container-core-group-is-layout-b8902030 wp-block-group-is-layout-flow\" style=\"padding-top:45px;padding-right:0px;padding-bottom:45px;padding-left:0px\">\n<h2 class=\"wp-block-heading animated animated-fadeInUp has-light-color has-text-color has-gigantic-font-size\" style=\"font-style:normal;font-weight:700;line-height:1.5;text-transform:capitalize\">Wattikalle Oy<\/h2>\n\n\n\n<div class=\"wp-block-group is-layout-constrained wp-container-core-group-is-layout-19e250f3 wp-block-group-is-layout-constrained\">\n<p class=\" animated animated-fadeInUp has-foreground-color has-text-color\" id=\"block-ffd2f2b6-a569-45d4-b7b0-b72408e7aa8e\">Wattikalle Oy on vuonna 1992 perustettu oululainen s\u00e4hk\u00f6alan yritys. Toimimme p\u00e4\u00e4asiassa Oulun seudulla.<\/p>\n\n\n\n<p class=\" animated animated-fadeInUp has-foreground-color has-text-color\" id=\"block-ffd2f2b6-a569-45d4-b7b0-b72408e7aa8e\">Teemme s\u00e4hk\u00f6ty\u00f6t niin pieniin kuin isoihinkin kohteisiin, suunnittelusta toteutukseen avaimet k\u00e4teen periaatteella. <\/p>\n\n\n\n<div class=\"wp-block-buttons animated animated-fadeInUp is-content-justification-left is-layout-flex wp-container-core-buttons-is-layout-029d1b19 wp-block-buttons-is-layout-flex\" style=\"margin-top:34px;margin-bottom:0px\"><\/div>\n<\/div>\n<\/div>\n<\/div>\n\n\n\n<div class=\"wp-block-column is-vertically-aligned-center is-layout-flow wp-block-column-is-layout-flow\">\n<figure class=\"wp-block-image size-large animated fadeInRight\"><img loading=\"lazy\" decoding=\"async\" width=\"1024\" height=\"671\" src=\"https:\/\/www.wattikalle.fi\/wp-content\/uploads\/2023\/02\/elfin-1024x671.jpg\" alt=\"\" class=\"wp-image-223\" srcset=\"https:\/\/www.wattikalle.fi\/wp-content\/uploads\/2023\/02\/elfin-1024x671.jpg 1024w, https:\/\/www.wattikalle.fi\/wp-content\/uploads\/2023\/02\/elfin-300x197.jpg 300w, https:\/\/www.wattikalle.fi\/wp-content\/uploads\/2023\/02\/elfin-768x503.jpg 768w, https:\/\/www.wattikalle.fi\/wp-content\/uploads\/2023\/02\/elfin.jpg 1068w\" sizes=\"auto, (max-width: 1024px) 100vw, 1024px\" \/><\/figure>\n<\/div>\n<\/div>\n<\/div>\n<\/div>\n\n\n\n<div class=\"wp-block-columns is-layout-flex wp-container-core-columns-is-layout-28f84493 wp-block-columns-is-layout-flex\">\n<div class=\"wp-block-column is-layout-flow wp-block-column-is-layout-flow\"><\/div>\n<\/div>\n<\/div>\n","protected":false},"excerpt":{"rendered":"<p>Wattikalle Oy Wattikalle Oy on vuonna 1992 perustettu oululainen s\u00e4hk\u00f6alan yritys. Toimimme p\u00e4\u00e4asiassa Oulun seudulla. [&hellip;]<\/p>\n","protected":false},"author":1,"featured_media":0,"parent":0,"menu_order":0,"comment_status":"closed","ping_status":"closed","template":"page-no-title","meta":{"gutenify_custom_css":"","gutenify_custom_css_data":"","footnotes":""},"class_list":["post-10","page","type-page","status-publish","hentry"],"_links":{"self":[{"href":"https:\/\/www.wattikalle.fi\/index.php\/wp-json\/wp\/v2\/pages\/10","targetHints":{"allow":["GET"]}}],"collection":[{"href":"https:\/\/www.wattikalle.fi\/index.php\/wp-json\/wp\/v2\/pages"}],"about":[{"href":"https:\/\/www.wattikalle.fi\/index.php\/wp-json\/wp\/v2\/types\/page"}],"author":[{"embeddable":true,"href":"https:\/\/www.wattikalle.fi\/index.php\/wp-json\/wp\/v2\/users\/1"}],"replies":[{"embeddable":true,"href":"https:\/\/www.wattikalle.fi\/index.php\/wp-json\/wp\/v2\/comments?post=10"}],"version-history":[{"count":8,"href":"https:\/\/www.wattikalle.fi\/index.php\/wp-json\/wp\/v2\/pages\/10\/revisions"}],"predecessor-version":[{"id":252,"href":"https:\/\/www.wattikalle.fi\/index.php\/wp-json\/wp\/v2\/pages\/10\/revisions\/252"}],"wp:attachment":[{"href":"https:\/\/www.wattikalle.fi\/index.php\/wp-json\/wp\/v2\/media?parent=10"}],"curies":[{"name":"wp","href":"https:\/\/api.w.org\/{rel}","templated":true}]}}